{"id":26169,"date":"2024-09-10T16:06:55","date_gmt":"2024-09-10T16:06:55","guid":{"rendered":"https:\/\/taxisvilanova.com\/politica-de-privacitat-i-avis-legal\/"},"modified":"2025-06-30T21:38:36","modified_gmt":"2025-06-30T21:38:36","slug":"politica-de-privacitat-i-avis-legal","status":"publish","type":"page","link":"https:\/\/taxisvilanova.com\/ca\/politica-de-privacitat-i-avis-legal\/","title":{"rendered":"POL\u00cdTICA DE PRIVACITAT I AV\u00cdS LEGAL"},"content":{"rendered":"\t\t<div data-elementor-type=\"wp-page\" data-elementor-id=\"26169\" class=\"elementor elementor-26169 elementor-26165\" data-elementor-post-type=\"page\">\n\t\t\t\t\t\t<section class=\"elementor-section elementor-top-section elementor-element elementor-element-9664617 elementor-section-boxed elementor-section-height-default elementor-section-height-default\" data-id=\"9664617\" data-element_type=\"section\" data-e-type=\"section\" data-settings=\"{&quot;background_background&quot;:&quot;classic&quot;}\">\n\t\t\t\t\t\t\t<div class=\"elementor-background-overlay\"><\/div>\n\t\t\t\t\t\t\t<div class=\"elementor-container elementor-column-gap-default\">\n\t\t\t\t\t<div class=\"elementor-column elementor-col-100 elementor-top-column elementor-element elementor-element-f2dbe62\" data-id=\"f2dbe62\" data-element_type=\"column\" data-e-type=\"column\">\n\t\t\t<div class=\"elementor-widget-wrap elementor-element-populated\">\n\t\t\t\t\t\t<div class=\"elementor-element elementor-element-b2a211a elementor-widget elementor-widget-heading\" data-id=\"b2a211a\" data-element_type=\"widget\" data-e-type=\"widget\" data-widget_type=\"heading.default\">\n\t\t\t\t<div class=\"elementor-widget-container\">\n\t\t\t\t\t<h1 class=\"elementor-heading-title elementor-size-default\">Pol\u00edtica de privadesa &amp; Av\u00eds legal<\/h1>\t\t\t\t<\/div>\n\t\t\t\t<\/div>\n\t\t\t\t\t<\/div>\n\t\t<\/div>\n\t\t\t\t\t<\/div>\n\t\t<\/section>\n\t\t\t\t<section class=\"elementor-section elementor-top-section elementor-element elementor-element-9e17afd elementor-section-boxed elementor-section-height-default elementor-section-height-default\" data-id=\"9e17afd\" data-element_type=\"section\" data-e-type=\"section\">\n\t\t\t\t\t\t<div class=\"elementor-container elementor-column-gap-default\">\n\t\t\t\t\t<div class=\"elementor-column elementor-col-100 elementor-top-column elementor-element elementor-element-109386b\" data-id=\"109386b\" data-element_type=\"column\" data-e-type=\"column\">\n\t\t\t<div class=\"elementor-widget-wrap elementor-element-populated\">\n\t\t\t\t\t\t<div class=\"elementor-element elementor-element-fd8156e elementor-view-default elementor-widget elementor-widget-icon\" data-id=\"fd8156e\" data-element_type=\"widget\" data-e-type=\"widget\" data-widget_type=\"icon.default\">\n\t\t\t\t<div class=\"elementor-widget-container\">\n\t\t\t\t\t\t\t<div class=\"elementor-icon-wrapper\">\n\t\t\t<div class=\"elementor-icon\">\n\t\t\t<svg aria-hidden=\"true\" class=\"e-font-icon-svg e-fas-circle\" viewBox=\"0 0 512 512\" xmlns=\"http:\/\/www.w3.org\/2000\/svg\"><path d=\"M256 8C119 8 8 119 8 256s111 248 248 248 248-111 248-248S393 8 256 8z\"><\/path><\/svg>\t\t\t<\/div>\n\t\t<\/div>\n\t\t\t\t\t\t<\/div>\n\t\t\t\t<\/div>\n\t\t\t\t<div class=\"elementor-element elementor-element-acff504 elementor-widget elementor-widget-text-editor\" data-id=\"acff504\" data-element_type=\"widget\" data-e-type=\"widget\" data-widget_type=\"text-editor.default\">\n\t\t\t\t<div class=\"elementor-widget-container\">\n\t\t\t\t\t\t\t\t\t<p>En compliment de l&#8217;article 10 de la Llei 34\/2002, d&#8217;11 de juliol, de serveis de la Societat de la Informaci\u00f3 i Comer\u00e7 Electr\u00f2nic, a continuaci\u00f3 s&#8217;exposen les dades identificatives de l&#8217;empresa. Les cookies tenen una data de caducitat associada.<\/p>\t\t\t\t\t\t\t\t<\/div>\n\t\t\t\t<\/div>\n\t\t\t\t<div class=\"elementor-element elementor-element-4ffe655 elementor-widget elementor-widget-text-editor\" data-id=\"4ffe655\" data-element_type=\"widget\" data-e-type=\"widget\" data-widget_type=\"text-editor.default\">\n\t\t\t\t<div class=\"elementor-widget-container\">\n\t\t\t\t\t\t\t\t\t<p><strong>Empresa:<\/strong> FRANK VIDAL BALL\u00d3<br> <strong>NIF:<\/strong> 37.365.395 \u2013 D<br> <strong>Tel\u00e8fons de contacte:<\/strong> +34 609 38 44 37<br> <strong>Correu Electr\u00f2nic:<\/strong> info@taxisvilanova.com.com<\/p><p>L\u00b4objectiu d\u00b4aquest lloc web \u00e9s facilitar al p\u00fablic en general el coneixement de les activitats que l\u00b4empresa realitza i els serveis que presta.<\/p>\t\t\t\t\t\t\t\t<\/div>\n\t\t\t\t<\/div>\n\t\t\t\t\t<\/div>\n\t\t<\/div>\n\t\t\t\t\t<\/div>\n\t\t<\/section>\n\t\t\t\t<section class=\"elementor-section elementor-top-section elementor-element elementor-element-6e67fc9 elementor-section-boxed elementor-section-height-default elementor-section-height-default\" data-id=\"6e67fc9\" data-element_type=\"section\" data-e-type=\"section\">\n\t\t\t\t\t\t<div class=\"elementor-container elementor-column-gap-default\">\n\t\t\t\t\t<div class=\"elementor-column elementor-col-100 elementor-top-column elementor-element elementor-element-4e4fb32\" data-id=\"4e4fb32\" data-element_type=\"column\" data-e-type=\"column\">\n\t\t\t<div class=\"elementor-widget-wrap elementor-element-populated\">\n\t\t\t\t\t\t<div class=\"elementor-element elementor-element-56f6b55 elementor-view-default elementor-widget elementor-widget-icon\" data-id=\"56f6b55\" data-element_type=\"widget\" data-e-type=\"widget\" data-widget_type=\"icon.default\">\n\t\t\t\t<div class=\"elementor-widget-container\">\n\t\t\t\t\t\t\t<div class=\"elementor-icon-wrapper\">\n\t\t\t<div class=\"elementor-icon\">\n\t\t\t<svg aria-hidden=\"true\" class=\"e-font-icon-svg e-fas-circle\" viewBox=\"0 0 512 512\" xmlns=\"http:\/\/www.w3.org\/2000\/svg\"><path d=\"M256 8C119 8 8 119 8 256s111 248 248 248 248-111 248-248S393 8 256 8z\"><\/path><\/svg>\t\t\t<\/div>\n\t\t<\/div>\n\t\t\t\t\t\t<\/div>\n\t\t\t\t<\/div>\n\t\t\t\t<div class=\"elementor-element elementor-element-a1404b7 elementor-widget elementor-widget-heading\" data-id=\"a1404b7\" data-element_type=\"widget\" data-e-type=\"widget\" data-widget_type=\"heading.default\">\n\t\t\t\t<div class=\"elementor-widget-container\">\n\t\t\t\t\t<h1 class=\"elementor-heading-title elementor-size-default\">Propietat intel\u00b7lectual d'aquest lloc<\/h1>\t\t\t\t<\/div>\n\t\t\t\t<\/div>\n\t\t\t\t<div class=\"elementor-element elementor-element-4e38c17 elementor-widget elementor-widget-text-editor\" data-id=\"4e38c17\" data-element_type=\"widget\" data-e-type=\"widget\" data-widget_type=\"text-editor.default\">\n\t\t\t\t<div class=\"elementor-widget-container\">\n\t\t\t\t\t\t\t\t\t<p>Aquest Website es reserva el dret d&#8217;efectuar, en qualsevol moment i sense necessitat de previ av\u00eds, modificacions i actualitzacions de la informaci\u00f3 continguda al web oa la presentaci\u00f3 d&#8217;aquesta.<br> La utilitzaci\u00f3 no autoritzada de la informaci\u00f3 continguda en aquest website, aix\u00ed com la sessi\u00f3 dels drets de propietat, donar\u00e0 lloc a les responsabilitats legalment establertes.<\/p>\t\t\t\t\t\t\t\t<\/div>\n\t\t\t\t<\/div>\n\t\t\t\t\t<\/div>\n\t\t<\/div>\n\t\t\t\t\t<\/div>\n\t\t<\/section>\n\t\t\t\t<section class=\"elementor-section elementor-top-section elementor-element elementor-element-4a97395 elementor-section-boxed elementor-section-height-default elementor-section-height-default\" data-id=\"4a97395\" data-element_type=\"section\" data-e-type=\"section\">\n\t\t\t\t\t\t<div class=\"elementor-container elementor-column-gap-default\">\n\t\t\t\t\t<div class=\"elementor-column elementor-col-100 elementor-top-column elementor-element elementor-element-8f49a42\" data-id=\"8f49a42\" data-element_type=\"column\" data-e-type=\"column\">\n\t\t\t<div class=\"elementor-widget-wrap elementor-element-populated\">\n\t\t\t\t\t\t<div class=\"elementor-element elementor-element-df55e63 elementor-view-default elementor-widget elementor-widget-icon\" data-id=\"df55e63\" data-element_type=\"widget\" data-e-type=\"widget\" data-widget_type=\"icon.default\">\n\t\t\t\t<div class=\"elementor-widget-container\">\n\t\t\t\t\t\t\t<div class=\"elementor-icon-wrapper\">\n\t\t\t<div class=\"elementor-icon\">\n\t\t\t<svg aria-hidden=\"true\" class=\"e-font-icon-svg e-fas-circle\" viewBox=\"0 0 512 512\" xmlns=\"http:\/\/www.w3.org\/2000\/svg\"><path d=\"M256 8C119 8 8 119 8 256s111 248 248 248 248-111 248-248S393 8 256 8z\"><\/path><\/svg>\t\t\t<\/div>\n\t\t<\/div>\n\t\t\t\t\t\t<\/div>\n\t\t\t\t<\/div>\n\t\t\t\t<div class=\"elementor-element elementor-element-f607f34 elementor-widget elementor-widget-heading\" data-id=\"f607f34\" data-element_type=\"widget\" data-e-type=\"widget\" data-widget_type=\"heading.default\">\n\t\t\t\t<div class=\"elementor-widget-container\">\n\t\t\t\t\t<h1 class=\"elementor-heading-title elementor-size-default\">Contingut de la web i enlla\u00e7os<\/h1>\t\t\t\t<\/div>\n\t\t\t\t<\/div>\n\t\t\t\t<div class=\"elementor-element elementor-element-29f8840 elementor-widget elementor-widget-text-editor\" data-id=\"29f8840\" data-element_type=\"widget\" data-e-type=\"widget\" data-widget_type=\"text-editor.default\">\n\t\t\t\t<div class=\"elementor-widget-container\">\n\t\t\t\t\t\t\t\t\t<p>Tant l&#8217;acc\u00e9s a aquest Website com l&#8217;\u00fas que puguin fer de la informaci\u00f3 que cont\u00e9 \u00e9s d&#8217;exclusiva responsabilitat dels usuaris. El Website no respondr\u00e0 de cap conseq\u00fc\u00e8ncia, dany o perjudici que es pugui derivar del dit acc\u00e9s o \u00fas de la informaci\u00f3. <br>Aquest Website no es fa responsable dels possibles danys que puguin causar-se al sistema inform\u00e0tic de l&#8217;usuari, ni dels possibles errors de seguretat que es puguin produir o els danys als fitxers emmagatzemats en aquest, com a conseq\u00fc\u00e8ncia de la pres\u00e8ncia de virus al ordinador de lusuari utilitzat per a la connexi\u00f3 als serveis i continguts del Website, aix\u00ed com dun mal funcionament del navegador.<br>L&#8217;Usuari \u00e9s, en definitiva, l&#8217;\u00fanic responsable de l&#8217;\u00fas que faci dels serveis, continguts en aquest website: enlla\u00e7os (links) i hipertext inclosos aquest lloc web.<br>Legislaci\u00f3 i jurisdicci\u00f3 aplicables.<br>Amb car\u00e0cter general, les relacions amb els nostres clients, que es derivin de la prestaci\u00f3 dels serveis continguts a la nostra web, estan sotmeses a la legislaci\u00f3 i la jurisdicci\u00f3 espanyola. Els usuaris d&#8217;aquesta web s\u00f3n conscients de tot all\u00f2 exposat i ho accepten volunt\u00e0riament. <\/p>\t\t\t\t\t\t\t\t<\/div>\n\t\t\t\t<\/div>\n\t\t\t\t\t<\/div>\n\t\t<\/div>\n\t\t\t\t\t<\/div>\n\t\t<\/section>\n\t\t\t\t<section class=\"elementor-section elementor-top-section elementor-element elementor-element-3bf6cc9 elementor-section-boxed elementor-section-height-default elementor-section-height-default\" data-id=\"3bf6cc9\" data-element_type=\"section\" data-e-type=\"section\">\n\t\t\t\t\t\t<div class=\"elementor-container elementor-column-gap-default\">\n\t\t\t\t\t<div class=\"elementor-column elementor-col-100 elementor-top-column elementor-element elementor-element-4ea3886\" data-id=\"4ea3886\" data-element_type=\"column\" data-e-type=\"column\">\n\t\t\t<div class=\"elementor-widget-wrap elementor-element-populated\">\n\t\t\t\t\t\t<div class=\"elementor-element elementor-element-b06a3f8 elementor-view-default elementor-widget elementor-widget-icon\" data-id=\"b06a3f8\" data-element_type=\"widget\" data-e-type=\"widget\" data-widget_type=\"icon.default\">\n\t\t\t\t<div class=\"elementor-widget-container\">\n\t\t\t\t\t\t\t<div class=\"elementor-icon-wrapper\">\n\t\t\t<div class=\"elementor-icon\">\n\t\t\t<svg aria-hidden=\"true\" class=\"e-font-icon-svg e-fas-circle\" viewBox=\"0 0 512 512\" xmlns=\"http:\/\/www.w3.org\/2000\/svg\"><path d=\"M256 8C119 8 8 119 8 256s111 248 248 248 248-111 248-248S393 8 256 8z\"><\/path><\/svg>\t\t\t<\/div>\n\t\t<\/div>\n\t\t\t\t\t\t<\/div>\n\t\t\t\t<\/div>\n\t\t\t\t<div class=\"elementor-element elementor-element-6e268b2 elementor-widget elementor-widget-heading\" data-id=\"6e268b2\" data-element_type=\"widget\" data-e-type=\"widget\" data-widget_type=\"heading.default\">\n\t\t\t\t<div class=\"elementor-widget-container\">\n\t\t\t\t\t<h1 class=\"elementor-heading-title elementor-size-default\">Protecci\u00f3 de dades de car\u00e0cter personal:<\/h1>\t\t\t\t<\/div>\n\t\t\t\t<\/div>\n\t\t\t\t<div class=\"elementor-element elementor-element-4e83ed2 elementor-widget elementor-widget-text-editor\" data-id=\"4e83ed2\" data-element_type=\"widget\" data-e-type=\"widget\" data-widget_type=\"text-editor.default\">\n\t\t\t\t<div class=\"elementor-widget-container\">\n\t\t\t\t\t\t\t\t\t<p>(SI EXISTEIX FITXER)<br> De conformitat amb la Llei Org\u00e0nica 15\/1999, de 13 de desembre, de Protecci\u00f3 de Dades de Car\u00e0cter Personal, les dades subministrades per l&#8217;Usuari quedaran incorporades en un fitxer automatitzat, el qual ser\u00e0 processat exclusivament per a la finalitat descrita. Aquests es recolliran a trav\u00e9s dels mecanismes corresponents. tractats amb el grau de protecci\u00f3 adequat, segons el Reial decret 994\/1999 d&#8217;11 de juny, pel qual s&#8217;aprova el reglament de mesures de seguretat dels fitxers automatitzats que continguin dades de car\u00e0cter personal, prenent-se les mesures de seguretat necess\u00e0ries per evitar la seva alteraci\u00f3, p\u00e8rdua, tractament o acc\u00e9s no autoritzat per part de tercers que el puguin sol\u00b7licitar per a les finalitats personals. cedits, segons consta a l&#8217;article 11 de la Llei Org\u00e0nica 15\/1999 de 13 de desembre, per al compliment de fins directament relacionats amb les funcions leg\u00edtimes del cedent i del cessionari amb el consentiment previ de l&#8217;afectat   <br>(SI NO EXISTEIX FITXER)<br>D&#8217;acord amb all\u00f2 establert a la Llei Org\u00e0nica 15\/1999, de 13 de desembre, de Protecci\u00f3 de Dades de Car\u00e0cter Personal, us informem que les dades personals que s&#8217;obtinguin com a conseq\u00fc\u00e8ncia de la recollida a trav\u00e9s del formulari, no seran incorporats cap fitxer , ni f\u00edsic ni virtual, sin\u00f3 que s&#8217;utilitzaran simplement per contestar a la informaci\u00f3 requerida per l&#8217;usuari.<\/p>\t\t\t\t\t\t\t\t<\/div>\n\t\t\t\t<\/div>\n\t\t\t\t\t<\/div>\n\t\t<\/div>\n\t\t\t\t\t<\/div>\n\t\t<\/section>\n\t\t\t\t<section class=\"elementor-section elementor-top-section elementor-element elementor-element-84158d0 elementor-section-boxed elementor-section-height-default elementor-section-height-default\" data-id=\"84158d0\" data-element_type=\"section\" data-e-type=\"section\">\n\t\t\t\t\t\t<div class=\"elementor-container elementor-column-gap-default\">\n\t\t\t\t\t<div class=\"elementor-column elementor-col-100 elementor-top-column elementor-element elementor-element-ca4fd05\" data-id=\"ca4fd05\" data-element_type=\"column\" data-e-type=\"column\">\n\t\t\t<div class=\"elementor-widget-wrap elementor-element-populated\">\n\t\t\t\t\t\t<div class=\"elementor-element elementor-element-7f7d1e6 elementor-view-default elementor-widget elementor-widget-icon\" data-id=\"7f7d1e6\" data-element_type=\"widget\" data-e-type=\"widget\" data-widget_type=\"icon.default\">\n\t\t\t\t<div class=\"elementor-widget-container\">\n\t\t\t\t\t\t\t<div class=\"elementor-icon-wrapper\">\n\t\t\t<div class=\"elementor-icon\">\n\t\t\t<svg aria-hidden=\"true\" class=\"e-font-icon-svg e-fas-circle\" viewBox=\"0 0 512 512\" xmlns=\"http:\/\/www.w3.org\/2000\/svg\"><path d=\"M256 8C119 8 8 119 8 256s111 248 248 248 248-111 248-248S393 8 256 8z\"><\/path><\/svg>\t\t\t<\/div>\n\t\t<\/div>\n\t\t\t\t\t\t<\/div>\n\t\t\t\t<\/div>\n\t\t\t\t<div class=\"elementor-element elementor-element-e0e15ca elementor-widget elementor-widget-heading\" data-id=\"e0e15ca\" data-element_type=\"widget\" data-e-type=\"widget\" data-widget_type=\"heading.default\">\n\t\t\t\t<div class=\"elementor-widget-container\">\n\t\t\t\t\t<h1 class=\"elementor-heading-title elementor-size-default\">Termes i condicions<\/h1>\t\t\t\t<\/div>\n\t\t\t\t<\/div>\n\t\t\t\t<div class=\"elementor-element elementor-element-2a9f456 elementor-widget elementor-widget-text-editor\" data-id=\"2a9f456\" data-element_type=\"widget\" data-e-type=\"widget\" data-widget_type=\"text-editor.default\">\n\t\t\t\t<div class=\"elementor-widget-container\">\n\t\t\t\t\t\t\t\t\t<p>El proc\u00e9s d&#8217;entrenament estar\u00e0 subjecte als seg\u00fcents termes i condicions, per tal que el client conegui els drets i els deures que adquireix en contractar el meu servei. Tots els pagaments es faran per avan\u00e7at, siguin hores soltes o abonaments de diverses sessions. Els bons de sessions o entrenaments, han de ser usats en el per\u00edode marcat, en cas contrari es cancel\u00b7laran autom\u00e0ticament. Dos mesos per a bons de 10 sessions, quatre mesos per a bons de 20 sessions. Un cop concertada la sessi\u00f3 d&#8217;entrenament, es podr\u00e0 cancel\u00b7lar o canviar amb una antelaci\u00f3 de 24 hores. En cas contrari, l&#8217;alumne ser\u00e0 responsable de pagar aquesta sessi\u00f3. Les cancel\u00b7lacions per emerg\u00e8ncia d&#8217;\u00faltima hora seran tractades per TAXI VIDAL. L\u00b4horari d\u00b4entrenament est\u00e0 subjecte a la disponibilitat de l\u00b4agenda de l\u00b4entrenador, encara que sempre intentar\u00e9 adaptar-me el possible a la disponibilitat de l\u00b4alumne. L\u00b4\u00fas de l\u00b4abonament d\u00b4entrenaments \u00e9s intransferible, excepte en casos excepcionals. En cas que l&#8217;entrenador estigu\u00e9s malalt o no estigui en condicions de fer la sessi\u00f3 d&#8217;entrenament, la sessi\u00f3 ser\u00e0 cancel\u00b7lada i es donar\u00e0 cita com m\u00e9s aviat millor.         <\/p>\t\t\t\t\t\t\t\t<\/div>\n\t\t\t\t<\/div>\n\t\t\t\t\t<\/div>\n\t\t<\/div>\n\t\t\t\t\t<\/div>\n\t\t<\/section>\n\t\t\t\t<\/div>\n\t\t","protected":false},"excerpt":{"rendered":"<p>Pol\u00edtica de privadesa &amp; Av\u00eds legal En compliment de l&#8217;article 10 de la Llei 34\/2002, d&#8217;11 de juliol, de serveis de la Societat de la Informaci\u00f3 i Comer\u00e7 Electr\u00f2nic, a continuaci\u00f3 s&#8217;exposen les dades identificatives de l&#8217;empresa. Les cookies tenen una data de caducitat associada. Empresa: FRANK VIDAL BALL\u00d3 NIF: 37.365.395 \u2013 D Tel\u00e8fons de [&hellip;]<\/p>\n","protected":false},"author":2,"featured_media":0,"parent":0,"menu_order":0,"comment_status":"closed","ping_status":"closed","template":"elementor_header_footer","meta":{"_joinchat":[],"footnotes":""},"class_list":["post-26169","page","type-page","status-publish","hentry"],"_links":{"self":[{"href":"https:\/\/taxisvilanova.com\/ca\/wp-json\/wp\/v2\/pages\/26169","targetHints":{"allow":["GET"]}}],"collection":[{"href":"https:\/\/taxisvilanova.com\/ca\/wp-json\/wp\/v2\/pages"}],"about":[{"href":"https:\/\/taxisvilanova.com\/ca\/wp-json\/wp\/v2\/types\/page"}],"author":[{"embeddable":true,"href":"https:\/\/taxisvilanova.com\/ca\/wp-json\/wp\/v2\/users\/2"}],"replies":[{"embeddable":true,"href":"https:\/\/taxisvilanova.com\/ca\/wp-json\/wp\/v2\/comments?post=26169"}],"version-history":[{"count":0,"href":"https:\/\/taxisvilanova.com\/ca\/wp-json\/wp\/v2\/pages\/26169\/revisions"}],"wp:attachment":[{"href":"https:\/\/taxisvilanova.com\/ca\/wp-json\/wp\/v2\/media?parent=26169"}],"curies":[{"name":"wp","href":"https:\/\/api.w.org\/{rel}","templated":true}]}}