{"id":26097,"date":"2024-09-10T15:23:11","date_gmt":"2024-09-10T15:23:11","guid":{"rendered":"https:\/\/taxisvilanova.com\/politique-en-matiere-de-cookies\/"},"modified":"2024-09-10T16:03:21","modified_gmt":"2024-09-10T16:03:21","slug":"politique-en-matiere-de-cookies","status":"publish","type":"page","link":"https:\/\/taxisvilanova.com\/fr\/politique-en-matiere-de-cookies\/","title":{"rendered":"POLITIQUE EN MATI\u00c8RE DE COOKIES"},"content":{"rendered":"\t\t<div data-elementor-type=\"wp-page\" data-elementor-id=\"26097\" class=\"elementor elementor-26097 elementor-26093\" data-elementor-post-type=\"page\">\n\t\t\t\t\t\t<section class=\"elementor-section elementor-top-section elementor-element elementor-element-7637f41 elementor-section-boxed elementor-section-height-default elementor-section-height-default\" data-id=\"7637f41\" data-element_type=\"section\" data-e-type=\"section\" data-settings=\"{&quot;background_background&quot;:&quot;classic&quot;}\">\n\t\t\t\t\t\t\t<div class=\"elementor-background-overlay\"><\/div>\n\t\t\t\t\t\t\t<div class=\"elementor-container elementor-column-gap-default\">\n\t\t\t\t\t<div class=\"elementor-column elementor-col-100 elementor-top-column elementor-element elementor-element-9d0fb41\" data-id=\"9d0fb41\" data-element_type=\"column\" data-e-type=\"column\">\n\t\t\t<div class=\"elementor-widget-wrap elementor-element-populated\">\n\t\t\t\t\t\t<div class=\"elementor-element elementor-element-089c83c elementor-widget elementor-widget-heading\" data-id=\"089c83c\" data-element_type=\"widget\" data-e-type=\"widget\" data-widget_type=\"heading.default\">\n\t\t\t\t<div class=\"elementor-widget-container\">\n\t\t\t\t\t<h1 class=\"elementor-heading-title elementor-size-default\">Politique en mati\u00e8re de cookies<\/h1>\t\t\t\t<\/div>\n\t\t\t\t<\/div>\n\t\t\t\t\t<\/div>\n\t\t<\/div>\n\t\t\t\t\t<\/div>\n\t\t<\/section>\n\t\t\t\t<section class=\"elementor-section elementor-top-section elementor-element elementor-element-23b5536 elementor-section-boxed elementor-section-height-default elementor-section-height-default\" data-id=\"23b5536\" data-element_type=\"section\" data-e-type=\"section\">\n\t\t\t\t\t\t<div class=\"elementor-container elementor-column-gap-default\">\n\t\t\t\t\t<div class=\"elementor-column elementor-col-50 elementor-top-column elementor-element elementor-element-a3049bc\" data-id=\"a3049bc\" data-element_type=\"column\" data-e-type=\"column\">\n\t\t\t<div class=\"elementor-widget-wrap elementor-element-populated\">\n\t\t\t\t\t\t<div class=\"elementor-element elementor-element-179c9ba elementor-view-default elementor-widget elementor-widget-icon\" data-id=\"179c9ba\" data-element_type=\"widget\" data-e-type=\"widget\" data-widget_type=\"icon.default\">\n\t\t\t\t<div class=\"elementor-widget-container\">\n\t\t\t\t\t\t\t<div class=\"elementor-icon-wrapper\">\n\t\t\t<div class=\"elementor-icon\">\n\t\t\t<svg aria-hidden=\"true\" class=\"e-font-icon-svg e-fas-circle\" viewBox=\"0 0 512 512\" xmlns=\"http:\/\/www.w3.org\/2000\/svg\"><path d=\"M256 8C119 8 8 119 8 256s111 248 248 248 248-111 248-248S393 8 256 8z\"><\/path><\/svg>\t\t\t<\/div>\n\t\t<\/div>\n\t\t\t\t\t\t<\/div>\n\t\t\t\t<\/div>\n\t\t\t\t<div class=\"elementor-element elementor-element-35ff4cb elementor-widget elementor-widget-heading\" data-id=\"35ff4cb\" data-element_type=\"widget\" data-e-type=\"widget\" data-widget_type=\"heading.default\">\n\t\t\t\t<div class=\"elementor-widget-container\">\n\t\t\t\t\t<h1 class=\"elementor-heading-title elementor-size-default\">Qu'est-ce qu'un biscuit ?<\/h1>\t\t\t\t<\/div>\n\t\t\t\t<\/div>\n\t\t\t\t<div class=\"elementor-element elementor-element-88fcb78 elementor-widget elementor-widget-text-editor\" data-id=\"88fcb78\" data-element_type=\"widget\" data-e-type=\"widget\" data-widget_type=\"text-editor.default\">\n\t\t\t\t<div class=\"elementor-widget-container\">\n\t\t\t\t\t\t\t\t\tUn cookie est un fichier texte envoy\u00e9 \u00e0 l&rsquo;appareil de l&rsquo;utilisateur (PC\/Mac, smartphone, tablette, etc.), pour enregistrer des informations sur ce que nous avons fait sur le site web que nous visitons, ce qui nous permet d&rsquo;am\u00e9liorer la qualit\u00e9 et la s\u00e9curit\u00e9 du site web.\nLes cookies ont une date d&rsquo;expiration associ\u00e9e. \t\t\t\t\t\t\t\t<\/div>\n\t\t\t\t<\/div>\n\t\t\t\t\t<\/div>\n\t\t<\/div>\n\t\t\t\t<div class=\"elementor-column elementor-col-50 elementor-top-column elementor-element elementor-element-e0437f9\" data-id=\"e0437f9\" data-element_type=\"column\" data-e-type=\"column\">\n\t\t\t<div class=\"elementor-widget-wrap elementor-element-populated\">\n\t\t\t\t\t\t<div class=\"elementor-element elementor-element-899e5eb elementor-view-default elementor-widget elementor-widget-icon\" data-id=\"899e5eb\" data-element_type=\"widget\" data-e-type=\"widget\" data-widget_type=\"icon.default\">\n\t\t\t\t<div class=\"elementor-widget-container\">\n\t\t\t\t\t\t\t<div class=\"elementor-icon-wrapper\">\n\t\t\t<div class=\"elementor-icon\">\n\t\t\t<svg aria-hidden=\"true\" class=\"e-font-icon-svg e-fas-circle\" viewBox=\"0 0 512 512\" xmlns=\"http:\/\/www.w3.org\/2000\/svg\"><path d=\"M256 8C119 8 8 119 8 256s111 248 248 248 248-111 248-248S393 8 256 8z\"><\/path><\/svg>\t\t\t<\/div>\n\t\t<\/div>\n\t\t\t\t\t\t<\/div>\n\t\t\t\t<\/div>\n\t\t\t\t<div class=\"elementor-element elementor-element-34067cb elementor-widget elementor-widget-heading\" data-id=\"34067cb\" data-element_type=\"widget\" data-e-type=\"widget\" data-widget_type=\"heading.default\">\n\t\t\t\t<div class=\"elementor-widget-container\">\n\t\t\t\t\t<h1 class=\"elementor-heading-title elementor-size-default\">Pourquoi utilisons-nous des cookies ?<\/h1>\t\t\t\t<\/div>\n\t\t\t\t<\/div>\n\t\t\t\t<div class=\"elementor-element elementor-element-e98b02a elementor-widget elementor-widget-text-editor\" data-id=\"e98b02a\" data-element_type=\"widget\" data-e-type=\"widget\" data-widget_type=\"text-editor.default\">\n\t\t\t\t<div class=\"elementor-widget-container\">\n\t\t\t\t\t\t\t\t\t<p>Conna\u00eetre le comportement des utilisateurs qui visitent notre site Web. Am\u00e9liorer la vitesse et la s\u00e9curit\u00e9 de notre site. Permettre la fourniture des services qui peuvent \u00eatre contract\u00e9s par l&rsquo;interm\u00e9diaire de notre site Web.<\/p>\n\t\t\t\t\t\t\t\t<\/div>\n\t\t\t\t<\/div>\n\t\t\t\t\t<\/div>\n\t\t<\/div>\n\t\t\t\t\t<\/div>\n\t\t<\/section>\n\t\t\t\t<section class=\"elementor-section elementor-top-section elementor-element elementor-element-bf4f730 elementor-section-boxed elementor-section-height-default elementor-section-height-default\" data-id=\"bf4f730\" data-element_type=\"section\" data-e-type=\"section\">\n\t\t\t\t\t\t<div class=\"elementor-container elementor-column-gap-default\">\n\t\t\t\t\t<div class=\"elementor-column elementor-col-50 elementor-top-column elementor-element elementor-element-8dd4bdf\" data-id=\"8dd4bdf\" data-element_type=\"column\" data-e-type=\"column\">\n\t\t\t<div class=\"elementor-widget-wrap elementor-element-populated\">\n\t\t\t\t\t\t<div class=\"elementor-element elementor-element-8d66237 elementor-view-default elementor-widget elementor-widget-icon\" data-id=\"8d66237\" data-element_type=\"widget\" data-e-type=\"widget\" data-widget_type=\"icon.default\">\n\t\t\t\t<div class=\"elementor-widget-container\">\n\t\t\t\t\t\t\t<div class=\"elementor-icon-wrapper\">\n\t\t\t<div class=\"elementor-icon\">\n\t\t\t<svg aria-hidden=\"true\" class=\"e-font-icon-svg e-fas-circle\" viewBox=\"0 0 512 512\" xmlns=\"http:\/\/www.w3.org\/2000\/svg\"><path d=\"M256 8C119 8 8 119 8 256s111 248 248 248 248-111 248-248S393 8 256 8z\"><\/path><\/svg>\t\t\t<\/div>\n\t\t<\/div>\n\t\t\t\t\t\t<\/div>\n\t\t\t\t<\/div>\n\t\t\t\t<div class=\"elementor-element elementor-element-4a4fc89 elementor-widget elementor-widget-heading\" data-id=\"4a4fc89\" data-element_type=\"widget\" data-e-type=\"widget\" data-widget_type=\"heading.default\">\n\t\t\t\t<div class=\"elementor-widget-container\">\n\t\t\t\t\t<h1 class=\"elementor-heading-title elementor-size-default\">Veuillez noter que les cookies ne peuvent pas endommager votre ordinateur.<\/h1>\t\t\t\t<\/div>\n\t\t\t\t<\/div>\n\t\t\t\t<div class=\"elementor-element elementor-element-709f10c elementor-widget elementor-widget-text-editor\" data-id=\"709f10c\" data-element_type=\"widget\" data-e-type=\"widget\" data-widget_type=\"text-editor.default\">\n\t\t\t\t<div class=\"elementor-widget-container\">\n\t\t\t\t\t\t\t\t\t<p>NOM TYPE BUT _utma,_utmb,_utmc, et utmz Cookies tiers et analytiques Cookies collect\u00e9s par Google Analytics et utilis\u00e9s par le propri\u00e9taire pour savoir comment les utilisateurs interagissent avec le site.<br \/>\nPour plus d&rsquo;informations : Confidentialit\u00e9 des cookies Google Analytics CookieAcceptanceCookie Propre cookie Ce cookie emp\u00eache l&rsquo;affichage de l&rsquo;avertissement relatif \u00e0 l&rsquo;utilisation de cookies \u00e0 chaque fois que vous visitez notre site web.<br \/>\njoomsef_lang Cookie de premi\u00e8re partie Ce cookie est utilis\u00e9 pour stocker la langue utilis\u00e9e pour visualiser le site web.<br \/>\nCe cookie nous permet de nous souvenir de vos donn\u00e9es de connexion lorsque vous revenez sur notre site web.   <\/p>\n\t\t\t\t\t\t\t\t<\/div>\n\t\t\t\t<\/div>\n\t\t\t\t\t<\/div>\n\t\t<\/div>\n\t\t\t\t<div class=\"elementor-column elementor-col-50 elementor-top-column elementor-element elementor-element-c74211b\" data-id=\"c74211b\" data-element_type=\"column\" data-e-type=\"column\">\n\t\t\t<div class=\"elementor-widget-wrap elementor-element-populated\">\n\t\t\t\t\t\t<div class=\"elementor-element elementor-element-b940461 elementor-view-default elementor-widget elementor-widget-icon\" data-id=\"b940461\" data-element_type=\"widget\" data-e-type=\"widget\" data-widget_type=\"icon.default\">\n\t\t\t\t<div class=\"elementor-widget-container\">\n\t\t\t\t\t\t\t<div class=\"elementor-icon-wrapper\">\n\t\t\t<div class=\"elementor-icon\">\n\t\t\t<svg aria-hidden=\"true\" class=\"e-font-icon-svg e-fas-circle\" viewBox=\"0 0 512 512\" xmlns=\"http:\/\/www.w3.org\/2000\/svg\"><path d=\"M256 8C119 8 8 119 8 256s111 248 248 248 248-111 248-248S393 8 256 8z\"><\/path><\/svg>\t\t\t<\/div>\n\t\t<\/div>\n\t\t\t\t\t\t<\/div>\n\t\t\t\t<\/div>\n\t\t\t\t<div class=\"elementor-element elementor-element-03fdfef elementor-widget elementor-widget-heading\" data-id=\"03fdfef\" data-element_type=\"widget\" data-e-type=\"widget\" data-widget_type=\"heading.default\">\n\t\t\t\t<div class=\"elementor-widget-container\">\n\t\t\t\t\t<h1 class=\"elementor-heading-title elementor-size-default\">Comment puis-je supprimer mes cookies ?<\/h1>\t\t\t\t<\/div>\n\t\t\t\t<\/div>\n\t\t\t\t<div class=\"elementor-element elementor-element-f484be9 elementor-widget elementor-widget-text-editor\" data-id=\"f484be9\" data-element_type=\"widget\" data-e-type=\"widget\" data-widget_type=\"text-editor.default\">\n\t\t\t\t<div class=\"elementor-widget-container\">\n\t\t\t\t\t\t\t\t\t<p>En naviguant et en continuant sur notre site web, vous acceptez l&rsquo;utilisation de cookies. Toutefois, nous vous indiquons comment vous pouvez les supprimer ou les d\u00e9sactiver dans les \u00ab\u00a0Param\u00e8tres du navigateur\u00a0\u00bb suivants. Veuillez noter que cela peut avoir des cons\u00e9quences sur votre utilisation du site et sur les services que nous pouvons vous offrir.<\/p>\n\t\t\t\t\t\t\t\t<\/div>\n\t\t\t\t<\/div>\n\t\t\t\t\t<\/div>\n\t\t<\/div>\n\t\t\t\t\t<\/div>\n\t\t<\/section>\n\t\t<div class=\"elementor-element elementor-element-61ea152 e-flex e-con-boxed e-con e-parent\" data-id=\"61ea152\" data-element_type=\"container\" data-e-type=\"container\">\n\t\t\t\t\t<div class=\"e-con-inner\">\n\t\t<div class=\"elementor-element elementor-element-f047cca e-con-full e-flex e-con e-child\" data-id=\"f047cca\" data-element_type=\"container\" data-e-type=\"container\">\n\t\t\t\t<div class=\"elementor-element elementor-element-d19f9ca elementor-view-default elementor-widget elementor-widget-icon\" data-id=\"d19f9ca\" data-element_type=\"widget\" data-e-type=\"widget\" data-widget_type=\"icon.default\">\n\t\t\t\t<div class=\"elementor-widget-container\">\n\t\t\t\t\t\t\t<div class=\"elementor-icon-wrapper\">\n\t\t\t<a class=\"elementor-icon\" href=\"https:\/\/support.mozilla.org\/es\/kb\/los-sitios-web-dicen-que-las-cookies-estan-bloquea\" target=\"_blank\">\n\t\t\t<svg aria-hidden=\"true\" class=\"e-font-icon-svg e-fab-firefox\" viewBox=\"0 0 512 512\" xmlns=\"http:\/\/www.w3.org\/2000\/svg\"><path d=\"M503.52,241.48c-.12-1.56-.24-3.12-.24-4.68v-.12l-.36-4.68v-.12a245.86,245.86,0,0,0-7.32-41.15c0-.12,0-.12-.12-.24l-1.08-4c-.12-.24-.12-.48-.24-.6-.36-1.2-.72-2.52-1.08-3.72-.12-.24-.12-.6-.24-.84-.36-1.2-.72-2.4-1.08-3.48-.12-.36-.24-.6-.36-1-.36-1.2-.72-2.28-1.2-3.48l-.36-1.08c-.36-1.08-.84-2.28-1.2-3.36a8.27,8.27,0,0,0-.36-1c-.48-1.08-.84-2.28-1.32-3.36-.12-.24-.24-.6-.36-.84-.48-1.2-1-2.28-1.44-3.48,0-.12-.12-.24-.12-.36-1.56-3.84-3.24-7.68-5-11.4l-.36-.72c-.48-1-.84-1.8-1.32-2.64-.24-.48-.48-1.08-.72-1.56-.36-.84-.84-1.56-1.2-2.4-.36-.6-.6-1.2-1-1.8s-.84-1.44-1.2-2.28c-.36-.6-.72-1.32-1.08-1.92s-.84-1.44-1.2-2.16a18.07,18.07,0,0,0-1.2-2c-.36-.72-.84-1.32-1.2-2s-.84-1.32-1.2-2-.84-1.32-1.2-1.92-.84-1.44-1.32-2.16a15.63,15.63,0,0,0-1.2-1.8L463.2,119a15.63,15.63,0,0,0-1.2-1.8c-.48-.72-1.08-1.56-1.56-2.28-.36-.48-.72-1.08-1.08-1.56l-1.8-2.52c-.36-.48-.6-.84-1-1.32-1-1.32-1.8-2.52-2.76-3.72a248.76,248.76,0,0,0-23.51-26.64A186.82,186.82,0,0,0,412,62.46c-4-3.48-8.16-6.72-12.48-9.84a162.49,162.49,0,0,0-24.6-15.12c-2.4-1.32-4.8-2.52-7.2-3.72a254,254,0,0,0-55.43-19.56c-1.92-.36-3.84-.84-5.64-1.2h-.12c-1-.12-1.8-.36-2.76-.48a236.35,236.35,0,0,0-38-4H255.14a234.62,234.62,0,0,0-45.48,5c-33.59,7.08-63.23,21.24-82.91,39-1.08,1-1.92,1.68-2.4,2.16l-.48.48H124l-.12.12.12-.12a.12.12,0,0,0,.12-.12l-.12.12a.42.42,0,0,1,.24-.12c14.64-8.76,34.92-16,49.44-19.56l5.88-1.44c.36-.12.84-.12,1.2-.24,1.68-.36,3.36-.72,5.16-1.08.24,0,.6-.12.84-.12C250.94,20.94,319.34,40.14,367,85.61a171.49,171.49,0,0,1,26.88,32.76c30.36,49.2,27.48,111.11,3.84,147.59-34.44,53-111.35,71.27-159,24.84a84.19,84.19,0,0,1-25.56-59,74.05,74.05,0,0,1,6.24-31c1.68-3.84,13.08-25.67,18.24-24.59-13.08-2.76-37.55,2.64-54.71,28.19-15.36,22.92-14.52,58.2-5,83.28a132.85,132.85,0,0,1-12.12-39.24c-12.24-82.55,43.31-153,94.31-170.51-27.48-24-96.47-22.31-147.71,15.36-29.88,22-51.23,53.16-62.51,90.36,1.68-20.88,9.6-52.08,25.8-83.88-17.16,8.88-39,37-49.8,62.88-15.6,37.43-21,82.19-16.08,124.79.36,3.24.72,6.36,1.08,9.6,19.92,117.11,122,206.38,244.78,206.38C392.77,503.42,504,392.19,504,255,503.88,250.48,503.76,245.92,503.52,241.48Z\"><\/path><\/svg>\t\t\t<\/a>\n\t\t<\/div>\n\t\t\t\t\t\t<\/div>\n\t\t\t\t<\/div>\n\t\t\t\t<\/div>\n\t\t<div class=\"elementor-element elementor-element-17ddd70 e-con-full e-flex e-con e-child\" data-id=\"17ddd70\" data-element_type=\"container\" data-e-type=\"container\">\n\t\t\t\t<div class=\"elementor-element elementor-element-d45151c elementor-view-default elementor-widget elementor-widget-icon\" data-id=\"d45151c\" data-element_type=\"widget\" data-e-type=\"widget\" data-widget_type=\"icon.default\">\n\t\t\t\t<div class=\"elementor-widget-container\">\n\t\t\t\t\t\t\t<div class=\"elementor-icon-wrapper\">\n\t\t\t<a class=\"elementor-icon\" href=\"https:\/\/support.microsoft.com\/es-es\/windows\/administrar-cookies-en-microsoft-edge-ver-permitir-bloquear-eliminar-y-usar-168dab11-0753-043d-7c16-ede5947fc64d\" target=\"_blank\">\n\t\t\t<svg aria-hidden=\"true\" class=\"e-font-icon-svg e-fab-edge-legacy\" viewBox=\"0 0 512 512\" xmlns=\"http:\/\/www.w3.org\/2000\/svg\"><path d=\"M25.71,228.16l.35-.48c0,.16,0,.32-.07.48Zm460.58,15.51c0-44-7.76-84.46-28.81-122.4C416.5,47.88,343.91,8,258.89,8,119,7.72,40.62,113.21,26.06,227.68c42.42-61.31,117.07-121.38,220.37-125,0,0,109.67,0,99.42,105H170c6.37-37.39,18.55-59,34.34-78.93-75.05,34.9-121.85,96.1-120.75,188.32.83,71.45,50.13,144.84,120.75,172,83.35,31.84,192.77,7.2,240.13-21.33V363.31C363.6,419.8,173.6,424.23,172.21,295.74H486.29V243.67Z\"><\/path><\/svg>\t\t\t<\/a>\n\t\t<\/div>\n\t\t\t\t\t\t<\/div>\n\t\t\t\t<\/div>\n\t\t\t\t<\/div>\n\t\t<div class=\"elementor-element elementor-element-f42d442 e-con-full e-flex e-con e-child\" data-id=\"f42d442\" data-element_type=\"container\" data-e-type=\"container\">\n\t\t\t\t<div class=\"elementor-element elementor-element-0fd53df elementor-view-default elementor-widget elementor-widget-icon\" data-id=\"0fd53df\" data-element_type=\"widget\" data-e-type=\"widget\" data-widget_type=\"icon.default\">\n\t\t\t\t<div class=\"elementor-widget-container\">\n\t\t\t\t\t\t\t<div class=\"elementor-icon-wrapper\">\n\t\t\t<a class=\"elementor-icon\" href=\"https:\/\/support.google.com\/accounts\/answer\/61416?hl=es=GENIE.Platform%3DDesktop\" target=\"_blank\">\n\t\t\t<svg aria-hidden=\"true\" class=\"e-font-icon-svg e-fab-chrome\" viewBox=\"0 0 496 512\" xmlns=\"http:\/\/www.w3.org\/2000\/svg\"><path d=\"M131.5 217.5L55.1 100.1c47.6-59.2 119-91.8 192-92.1 42.3-.3 85.5 10.5 124.8 33.2 43.4 25.2 76.4 61.4 97.4 103L264 133.4c-58.1-3.4-113.4 29.3-132.5 84.1zm32.9 38.5c0 46.2 37.4 83.6 83.6 83.6s83.6-37.4 83.6-83.6-37.4-83.6-83.6-83.6-83.6 37.3-83.6 83.6zm314.9-89.2L339.6 174c37.9 44.3 38.5 108.2 6.6 157.2L234.1 503.6c46.5 2.5 94.4-7.7 137.8-32.9 107.4-62 150.9-192 107.4-303.9zM133.7 303.6L40.4 120.1C14.9 159.1 0 205.9 0 256c0 124 90.8 226.7 209.5 244.9l63.7-124.8c-57.6 10.8-113.2-20.8-139.5-72.5z\"><\/path><\/svg>\t\t\t<\/a>\n\t\t<\/div>\n\t\t\t\t\t\t<\/div>\n\t\t\t\t<\/div>\n\t\t\t\t<\/div>\n\t\t<div class=\"elementor-element elementor-element-1c261bf e-con-full e-flex e-con e-child\" data-id=\"1c261bf\" data-element_type=\"container\" data-e-type=\"container\">\n\t\t\t\t<div class=\"elementor-element elementor-element-e50895e elementor-view-default elementor-widget elementor-widget-icon\" data-id=\"e50895e\" data-element_type=\"widget\" data-e-type=\"widget\" data-widget_type=\"icon.default\">\n\t\t\t\t<div class=\"elementor-widget-container\">\n\t\t\t\t\t\t\t<div class=\"elementor-icon-wrapper\">\n\t\t\t<a class=\"elementor-icon\" href=\"https:\/\/support.apple.com\/es-es\/guide\/safari\/sfri11471\/mac\" target=\"_blank\">\n\t\t\t<svg aria-hidden=\"true\" class=\"e-font-icon-svg e-fab-safari\" viewBox=\"0 0 512 512\" xmlns=\"http:\/\/www.w3.org\/2000\/svg\"><path d=\"M274.69,274.69l-37.38-37.38L166,346ZM256,8C119,8,8,119,8,256S119,504,256,504,504,393,504,256,393,8,256,8ZM411.85,182.79l14.78-6.13A8,8,0,0,1,437.08,181h0a8,8,0,0,1-4.33,10.46L418,197.57a8,8,0,0,1-10.45-4.33h0A8,8,0,0,1,411.85,182.79ZM314.43,94l6.12-14.78A8,8,0,0,1,331,74.92h0a8,8,0,0,1,4.33,10.45l-6.13,14.78a8,8,0,0,1-10.45,4.33h0A8,8,0,0,1,314.43,94ZM256,60h0a8,8,0,0,1,8,8V84a8,8,0,0,1-8,8h0a8,8,0,0,1-8-8V68A8,8,0,0,1,256,60ZM181,74.92a8,8,0,0,1,10.46,4.33L197.57,94a8,8,0,1,1-14.78,6.12l-6.13-14.78A8,8,0,0,1,181,74.92Zm-63.58,42.49h0a8,8,0,0,1,11.31,0L140,128.72A8,8,0,0,1,140,140h0a8,8,0,0,1-11.31,0l-11.31-11.31A8,8,0,0,1,117.41,117.41ZM60,256h0a8,8,0,0,1,8-8H84a8,8,0,0,1,8,8h0a8,8,0,0,1-8,8H68A8,8,0,0,1,60,256Zm40.15,73.21-14.78,6.13A8,8,0,0,1,74.92,331h0a8,8,0,0,1,4.33-10.46L94,314.43a8,8,0,0,1,10.45,4.33h0A8,8,0,0,1,100.15,329.21Zm4.33-136h0A8,8,0,0,1,94,197.57l-14.78-6.12A8,8,0,0,1,74.92,181h0a8,8,0,0,1,10.45-4.33l14.78,6.13A8,8,0,0,1,104.48,193.24ZM197.57,418l-6.12,14.78a8,8,0,0,1-14.79-6.12l6.13-14.78A8,8,0,1,1,197.57,418ZM264,444a8,8,0,0,1-8,8h0a8,8,0,0,1-8-8V428a8,8,0,0,1,8-8h0a8,8,0,0,1,8,8Zm67-6.92h0a8,8,0,0,1-10.46-4.33L314.43,418a8,8,0,0,1,4.33-10.45h0a8,8,0,0,1,10.45,4.33l6.13,14.78A8,8,0,0,1,331,437.08Zm63.58-42.49h0a8,8,0,0,1-11.31,0L372,383.28A8,8,0,0,1,372,372h0a8,8,0,0,1,11.31,0l11.31,11.31A8,8,0,0,1,394.59,394.59ZM286.25,286.25,110.34,401.66,225.75,225.75,401.66,110.34ZM437.08,331h0a8,8,0,0,1-10.45,4.33l-14.78-6.13a8,8,0,0,1-4.33-10.45h0A8,8,0,0,1,418,314.43l14.78,6.12A8,8,0,0,1,437.08,331ZM444,264H428a8,8,0,0,1-8-8h0a8,8,0,0,1,8-8h16a8,8,0,0,1,8,8h0A8,8,0,0,1,444,264Z\"><\/path><\/svg>\t\t\t<\/a>\n\t\t<\/div>\n\t\t\t\t\t\t<\/div>\n\t\t\t\t<\/div>\n\t\t\t\t<\/div>\n\t\t\t\t\t<\/div>\n\t\t\t\t<\/div>\n\t\t\t\t<\/div>\n\t\t","protected":false},"excerpt":{"rendered":"<p>Politique en mati\u00e8re de cookies Qu&rsquo;est-ce qu&rsquo;un biscuit ? Un cookie est un fichier texte envoy\u00e9 \u00e0 l&rsquo;appareil de l&rsquo;utilisateur (PC\/Mac, smartphone, tablette, etc.), pour enregistrer des informations sur ce que nous avons fait sur le site web que nous visitons, ce qui nous permet d&rsquo;am\u00e9liorer la qualit\u00e9 et la s\u00e9curit\u00e9 du site web. Les [&hellip;]<\/p>\n","protected":false},"author":2,"featured_media":0,"parent":0,"menu_order":0,"comment_status":"closed","ping_status":"closed","template":"elementor_header_footer","meta":{"_joinchat":[],"footnotes":""},"class_list":["post-26097","page","type-page","status-publish","hentry"],"_links":{"self":[{"href":"https:\/\/taxisvilanova.com\/fr\/wp-json\/wp\/v2\/pages\/26097","targetHints":{"allow":["GET"]}}],"collection":[{"href":"https:\/\/taxisvilanova.com\/fr\/wp-json\/wp\/v2\/pages"}],"about":[{"href":"https:\/\/taxisvilanova.com\/fr\/wp-json\/wp\/v2\/types\/page"}],"author":[{"embeddable":true,"href":"https:\/\/taxisvilanova.com\/fr\/wp-json\/wp\/v2\/users\/2"}],"replies":[{"embeddable":true,"href":"https:\/\/taxisvilanova.com\/fr\/wp-json\/wp\/v2\/comments?post=26097"}],"version-history":[{"count":0,"href":"https:\/\/taxisvilanova.com\/fr\/wp-json\/wp\/v2\/pages\/26097\/revisions"}],"wp:attachment":[{"href":"https:\/\/taxisvilanova.com\/fr\/wp-json\/wp\/v2\/media?parent=26097"}],"curies":[{"name":"wp","href":"https:\/\/api.w.org\/{rel}","templated":true}]}}