{"id":26167,"date":"2024-09-10T16:06:55","date_gmt":"2024-09-10T16:06:55","guid":{"rendered":"https:\/\/taxisvilanova.com\/politique-de-confidentialite-et-avis-juridique\/"},"modified":"2024-09-10T16:42:27","modified_gmt":"2024-09-10T16:42:27","slug":"politique-de-confidentialite-et-avis-juridique","status":"publish","type":"page","link":"https:\/\/taxisvilanova.com\/fr\/politique-de-confidentialite-et-avis-juridique\/","title":{"rendered":"POLITIQUE DE CONFIDENTIALIT\u00c9 ET AVIS JURIDIQUE"},"content":{"rendered":"\t\t<div data-elementor-type=\"wp-page\" data-elementor-id=\"26167\" class=\"elementor elementor-26167 elementor-26165\" data-elementor-post-type=\"page\">\n\t\t\t\t\t\t<section class=\"elementor-section elementor-top-section elementor-element elementor-element-9664617 elementor-section-boxed elementor-section-height-default elementor-section-height-default\" data-id=\"9664617\" data-element_type=\"section\" data-e-type=\"section\" data-settings=\"{&quot;background_background&quot;:&quot;classic&quot;}\">\n\t\t\t\t\t\t\t<div class=\"elementor-background-overlay\"><\/div>\n\t\t\t\t\t\t\t<div class=\"elementor-container elementor-column-gap-default\">\n\t\t\t\t\t<div class=\"elementor-column elementor-col-100 elementor-top-column elementor-element elementor-element-f2dbe62\" data-id=\"f2dbe62\" data-element_type=\"column\" data-e-type=\"column\">\n\t\t\t<div class=\"elementor-widget-wrap elementor-element-populated\">\n\t\t\t\t\t\t<div class=\"elementor-element elementor-element-b2a211a elementor-widget elementor-widget-heading\" data-id=\"b2a211a\" data-element_type=\"widget\" data-e-type=\"widget\" data-widget_type=\"heading.default\">\n\t\t\t\t<div class=\"elementor-widget-container\">\n\t\t\t\t\t<h1 class=\"elementor-heading-title elementor-size-default\">Politique de confidentialit\u00e9 et avis juridique<\/h1>\t\t\t\t<\/div>\n\t\t\t\t<\/div>\n\t\t\t\t\t<\/div>\n\t\t<\/div>\n\t\t\t\t\t<\/div>\n\t\t<\/section>\n\t\t\t\t<section class=\"elementor-section elementor-top-section elementor-element elementor-element-9e17afd elementor-section-boxed elementor-section-height-default elementor-section-height-default\" data-id=\"9e17afd\" data-element_type=\"section\" data-e-type=\"section\">\n\t\t\t\t\t\t<div class=\"elementor-container elementor-column-gap-default\">\n\t\t\t\t\t<div class=\"elementor-column elementor-col-100 elementor-top-column elementor-element elementor-element-109386b\" data-id=\"109386b\" data-element_type=\"column\" data-e-type=\"column\">\n\t\t\t<div class=\"elementor-widget-wrap elementor-element-populated\">\n\t\t\t\t\t\t<div class=\"elementor-element elementor-element-fd8156e elementor-view-default elementor-widget elementor-widget-icon\" data-id=\"fd8156e\" data-element_type=\"widget\" data-e-type=\"widget\" data-widget_type=\"icon.default\">\n\t\t\t\t<div class=\"elementor-widget-container\">\n\t\t\t\t\t\t\t<div class=\"elementor-icon-wrapper\">\n\t\t\t<div class=\"elementor-icon\">\n\t\t\t<svg aria-hidden=\"true\" class=\"e-font-icon-svg e-fas-circle\" viewBox=\"0 0 512 512\" xmlns=\"http:\/\/www.w3.org\/2000\/svg\"><path d=\"M256 8C119 8 8 119 8 256s111 248 248 248 248-111 248-248S393 8 256 8z\"><\/path><\/svg>\t\t\t<\/div>\n\t\t<\/div>\n\t\t\t\t\t\t<\/div>\n\t\t\t\t<\/div>\n\t\t\t\t<div class=\"elementor-element elementor-element-acff504 elementor-widget elementor-widget-text-editor\" data-id=\"acff504\" data-element_type=\"widget\" data-e-type=\"widget\" data-widget_type=\"text-editor.default\">\n\t\t\t\t<div class=\"elementor-widget-container\">\n\t\t\t\t\t\t\t\t\t<p>Conform\u00e9ment \u00e0 l&rsquo;article 10 de la loi 34\/2002, du 11 juillet, sur les services de la soci\u00e9t\u00e9 de l&rsquo;information et le commerce \u00e9lectronique, les donn\u00e9es d&rsquo;identification de l&rsquo;entreprise sont indiqu\u00e9es ci-dessous.<\/p>\n\t\t\t\t\t\t\t\t<\/div>\n\t\t\t\t<\/div>\n\t\t\t\t<div class=\"elementor-element elementor-element-4ffe655 elementor-widget elementor-widget-text-editor\" data-id=\"4ffe655\" data-element_type=\"widget\" data-e-type=\"widget\" data-widget_type=\"text-editor.default\">\n\t\t\t\t<div class=\"elementor-widget-container\">\n\t\t\t\t\t\t\t\t\t<p>E<strong>ntreprise :<\/strong> FRANK VIDAL BAIL\u00d3N NIF<strong>:<\/strong> 37.365.395 &#8211; D<strong>Contact T\u00e9l\u00e9phone :<\/strong> +34 609 38 44 37<strong>Courriel :<\/strong> info@taxisvilanova.com.com<\/p>\n<p>L&rsquo;objectif de ce site est de fournir au grand public des informations sur les activit\u00e9s de l&rsquo;entreprise et les services qu&rsquo;elle propose.<\/p>\n\t\t\t\t\t\t\t\t<\/div>\n\t\t\t\t<\/div>\n\t\t\t\t\t<\/div>\n\t\t<\/div>\n\t\t\t\t\t<\/div>\n\t\t<\/section>\n\t\t\t\t<section class=\"elementor-section elementor-top-section elementor-element elementor-element-6e67fc9 elementor-section-boxed elementor-section-height-default elementor-section-height-default\" data-id=\"6e67fc9\" data-element_type=\"section\" data-e-type=\"section\">\n\t\t\t\t\t\t<div class=\"elementor-container elementor-column-gap-default\">\n\t\t\t\t\t<div class=\"elementor-column elementor-col-100 elementor-top-column elementor-element elementor-element-4e4fb32\" data-id=\"4e4fb32\" data-element_type=\"column\" data-e-type=\"column\">\n\t\t\t<div class=\"elementor-widget-wrap elementor-element-populated\">\n\t\t\t\t\t\t<div class=\"elementor-element elementor-element-56f6b55 elementor-view-default elementor-widget elementor-widget-icon\" data-id=\"56f6b55\" data-element_type=\"widget\" data-e-type=\"widget\" data-widget_type=\"icon.default\">\n\t\t\t\t<div class=\"elementor-widget-container\">\n\t\t\t\t\t\t\t<div class=\"elementor-icon-wrapper\">\n\t\t\t<div class=\"elementor-icon\">\n\t\t\t<svg aria-hidden=\"true\" class=\"e-font-icon-svg e-fas-circle\" viewBox=\"0 0 512 512\" xmlns=\"http:\/\/www.w3.org\/2000\/svg\"><path d=\"M256 8C119 8 8 119 8 256s111 248 248 248 248-111 248-248S393 8 256 8z\"><\/path><\/svg>\t\t\t<\/div>\n\t\t<\/div>\n\t\t\t\t\t\t<\/div>\n\t\t\t\t<\/div>\n\t\t\t\t<div class=\"elementor-element elementor-element-a1404b7 elementor-widget elementor-widget-heading\" data-id=\"a1404b7\" data-element_type=\"widget\" data-e-type=\"widget\" data-widget_type=\"heading.default\">\n\t\t\t\t<div class=\"elementor-widget-container\">\n\t\t\t\t\t<h1 class=\"elementor-heading-title elementor-size-default\">Propri\u00e9t\u00e9 intellectuelle de ce site<\/h1>\t\t\t\t<\/div>\n\t\t\t\t<\/div>\n\t\t\t\t<div class=\"elementor-element elementor-element-4e38c17 elementor-widget elementor-widget-text-editor\" data-id=\"4e38c17\" data-element_type=\"widget\" data-e-type=\"widget\" data-widget_type=\"text-editor.default\">\n\t\t\t\t<div class=\"elementor-widget-container\">\n\t\t\t\t\t\t\t\t\t<p>Ce site se r\u00e9serve le droit d&rsquo;effectuer, \u00e0 tout moment et sans pr\u00e9avis, des modifications et des mises \u00e0 jour de l&rsquo;information contenue dans son site ou dans sa pr\u00e9sentation. L&rsquo;utilisation non autoris\u00e9e de l&rsquo;information contenue dans ce site, ainsi que la session des droits de propri\u00e9t\u00e9, donneront lieu aux responsabilit\u00e9s l\u00e9galement \u00e9tablies.<\/p>\n\t\t\t\t\t\t\t\t<\/div>\n\t\t\t\t<\/div>\n\t\t\t\t\t<\/div>\n\t\t<\/div>\n\t\t\t\t\t<\/div>\n\t\t<\/section>\n\t\t\t\t<section class=\"elementor-section elementor-top-section elementor-element elementor-element-4a97395 elementor-section-boxed elementor-section-height-default elementor-section-height-default\" data-id=\"4a97395\" data-element_type=\"section\" data-e-type=\"section\">\n\t\t\t\t\t\t<div class=\"elementor-container elementor-column-gap-default\">\n\t\t\t\t\t<div class=\"elementor-column elementor-col-100 elementor-top-column elementor-element elementor-element-8f49a42\" data-id=\"8f49a42\" data-element_type=\"column\" data-e-type=\"column\">\n\t\t\t<div class=\"elementor-widget-wrap elementor-element-populated\">\n\t\t\t\t\t\t<div class=\"elementor-element elementor-element-df55e63 elementor-view-default elementor-widget elementor-widget-icon\" data-id=\"df55e63\" data-element_type=\"widget\" data-e-type=\"widget\" data-widget_type=\"icon.default\">\n\t\t\t\t<div class=\"elementor-widget-container\">\n\t\t\t\t\t\t\t<div class=\"elementor-icon-wrapper\">\n\t\t\t<div class=\"elementor-icon\">\n\t\t\t<svg aria-hidden=\"true\" class=\"e-font-icon-svg e-fas-circle\" viewBox=\"0 0 512 512\" xmlns=\"http:\/\/www.w3.org\/2000\/svg\"><path d=\"M256 8C119 8 8 119 8 256s111 248 248 248 248-111 248-248S393 8 256 8z\"><\/path><\/svg>\t\t\t<\/div>\n\t\t<\/div>\n\t\t\t\t\t\t<\/div>\n\t\t\t\t<\/div>\n\t\t\t\t<div class=\"elementor-element elementor-element-f607f34 elementor-widget elementor-widget-heading\" data-id=\"f607f34\" data-element_type=\"widget\" data-e-type=\"widget\" data-widget_type=\"heading.default\">\n\t\t\t\t<div class=\"elementor-widget-container\">\n\t\t\t\t\t<h1 class=\"elementor-heading-title elementor-size-default\">Contenu du site web et liens<\/h1>\t\t\t\t<\/div>\n\t\t\t\t<\/div>\n\t\t\t\t<div class=\"elementor-element elementor-element-29f8840 elementor-widget elementor-widget-text-editor\" data-id=\"29f8840\" data-element_type=\"widget\" data-e-type=\"widget\" data-widget_type=\"text-editor.default\">\n\t\t\t\t<div class=\"elementor-widget-container\">\n\t\t\t\t\t\t\t\t\t<p>L&rsquo;acc\u00e8s \u00e0 ce site web et l&rsquo;utilisation qui peut \u00eatre faite des informations qu&rsquo;il contient rel\u00e8vent de la responsabilit\u00e9 exclusive des utilisateurs.<br \/>\nLe site web n&rsquo;est pas responsable des cons\u00e9quences, dommages ou pr\u00e9judices qui pourraient r\u00e9sulter de cet acc\u00e8s ou de cette utilisation de l&rsquo;information. <br \/>Ce site web n&rsquo;est pas responsable des \u00e9ventuels dommages caus\u00e9s au syst\u00e8me informatique de l&rsquo;utilisateur, ni des \u00e9ventuelles erreurs de s\u00e9curit\u00e9 qui pourraient se produire ou des dommages caus\u00e9s aux fichiers qui y sont stock\u00e9s, en raison de la pr\u00e9sence d&rsquo;un virus dans l&rsquo;ordinateur de l&rsquo;utilisateur utilis\u00e9 pour se connecter aux services et aux contenus du site web, ainsi que du mauvais fonctionnement du navigateur.<br \/>En d\u00e9finitive, l&rsquo;Utilisateur est seul responsable de l&rsquo;usage qu&rsquo;il fait des services contenus dans ce site web : liens et hypertextes inclus dans ce site web.<br \/>Droit applicable et juridiction .<br \/>En g\u00e9n\u00e9ral, les relations avec nos clients, d\u00e9coulant de la prestation des services contenus dans notre site web, sont soumises \u00e0 la l\u00e9gislation et \u00e0 la juridiction espagnoles.<br \/>\nLes utilisateurs de ce site Web sont conscients de tout ce qui pr\u00e9c\u00e8de et l&rsquo;acceptent volontairement. <\/p>\n\t\t\t\t\t\t\t\t<\/div>\n\t\t\t\t<\/div>\n\t\t\t\t\t<\/div>\n\t\t<\/div>\n\t\t\t\t\t<\/div>\n\t\t<\/section>\n\t\t\t\t<section class=\"elementor-section elementor-top-section elementor-element elementor-element-3bf6cc9 elementor-section-boxed elementor-section-height-default elementor-section-height-default\" data-id=\"3bf6cc9\" data-element_type=\"section\" data-e-type=\"section\">\n\t\t\t\t\t\t<div class=\"elementor-container elementor-column-gap-default\">\n\t\t\t\t\t<div class=\"elementor-column elementor-col-100 elementor-top-column elementor-element elementor-element-4ea3886\" data-id=\"4ea3886\" data-element_type=\"column\" data-e-type=\"column\">\n\t\t\t<div class=\"elementor-widget-wrap elementor-element-populated\">\n\t\t\t\t\t\t<div class=\"elementor-element elementor-element-b06a3f8 elementor-view-default elementor-widget elementor-widget-icon\" data-id=\"b06a3f8\" data-element_type=\"widget\" data-e-type=\"widget\" data-widget_type=\"icon.default\">\n\t\t\t\t<div class=\"elementor-widget-container\">\n\t\t\t\t\t\t\t<div class=\"elementor-icon-wrapper\">\n\t\t\t<div class=\"elementor-icon\">\n\t\t\t<svg aria-hidden=\"true\" class=\"e-font-icon-svg e-fas-circle\" viewBox=\"0 0 512 512\" xmlns=\"http:\/\/www.w3.org\/2000\/svg\"><path d=\"M256 8C119 8 8 119 8 256s111 248 248 248 248-111 248-248S393 8 256 8z\"><\/path><\/svg>\t\t\t<\/div>\n\t\t<\/div>\n\t\t\t\t\t\t<\/div>\n\t\t\t\t<\/div>\n\t\t\t\t<div class=\"elementor-element elementor-element-6e268b2 elementor-widget elementor-widget-heading\" data-id=\"6e268b2\" data-element_type=\"widget\" data-e-type=\"widget\" data-widget_type=\"heading.default\">\n\t\t\t\t<div class=\"elementor-widget-container\">\n\t\t\t\t\t<h1 class=\"elementor-heading-title elementor-size-default\">Protection des donn\u00e9es personnelles :<\/h1>\t\t\t\t<\/div>\n\t\t\t\t<\/div>\n\t\t\t\t<div class=\"elementor-element elementor-element-4e83ed2 elementor-widget elementor-widget-text-editor\" data-id=\"4e83ed2\" data-element_type=\"widget\" data-e-type=\"widget\" data-widget_type=\"text-editor.default\">\n\t\t\t\t<div class=\"elementor-widget-container\">\n\t\t\t\t\t\t\t\t\t<p>(SI LE FICHIER EXISTE) Conform\u00e9ment \u00e0 la loi organique 15\/1999, du 13 d\u00e9cembre, sur la protection des donn\u00e9es \u00e0 caract\u00e8re personnel, les donn\u00e9es fournies par l&rsquo;utilisateur seront incluses dans un fichier automatis\u00e9, qui sera trait\u00e9 exclusivement aux fins d\u00e9crites.<br \/>\nElles seront collect\u00e9es par le biais des m\u00e9canismes correspondants, qui ne contiendront que les champs indispensables pour pouvoir fournir le service demand\u00e9 par l&rsquo;utilisateur.<br \/>\nLes donn\u00e9es personnelles seront trait\u00e9es avec le degr\u00e9 de protection appropri\u00e9, conform\u00e9ment au d\u00e9cret royal 994\/1999 du 11 juin, qui approuve le r\u00e8glement des mesures de s\u00e9curit\u00e9 des fichiers automatis\u00e9s contenant des donn\u00e9es personnelles, en prenant les mesures de s\u00e9curit\u00e9 n\u00e9cessaires pour \u00e9viter leur alt\u00e9ration, perte, traitement non autoris\u00e9 ou acc\u00e8s par des tiers qui pourraient les utiliser \u00e0 des fins autres que celles pour lesquelles elles ont \u00e9t\u00e9 demand\u00e9es \u00e0 l&rsquo;utilisateur.<br \/>\nLes donn\u00e9es personnelles faisant l&rsquo;objet d&rsquo;un traitement automatis\u00e9 ne pourront \u00eatre c\u00e9d\u00e9es, conform\u00e9ment \u00e0 l&rsquo;article 11 de la loi organique 15\/1999 du 13 d\u00e9cembre, que pour la r\u00e9alisation de finalit\u00e9s directement li\u00e9es aux fonctions l\u00e9gitimes du c\u00e9dant et du cessionnaire, avec le consentement pr\u00e9alable de la partie concern\u00e9e.   <br \/>(SI AUCUN FICHIER N&rsquo;EXISTE)<br \/>Conform\u00e9ment aux dispositions de la loi organique 15\/1999, du 13 d\u00e9cembre, sur la protection des donn\u00e9es \u00e0 caract\u00e8re personnel, nous vous informons que les donn\u00e9es \u00e0 caract\u00e8re personnel obtenues \u00e0 la suite de la collecte par le biais du formulaire ne seront incorpor\u00e9es \u00e0 aucun fichier, physique ou virtuel, mais seront utilis\u00e9es uniquement pour r\u00e9pondre \u00e0 l&rsquo;information demand\u00e9e par l&rsquo;utilisateur.<\/p>\n\t\t\t\t\t\t\t\t<\/div>\n\t\t\t\t<\/div>\n\t\t\t\t\t<\/div>\n\t\t<\/div>\n\t\t\t\t\t<\/div>\n\t\t<\/section>\n\t\t\t\t<section class=\"elementor-section elementor-top-section elementor-element elementor-element-84158d0 elementor-section-boxed elementor-section-height-default elementor-section-height-default\" data-id=\"84158d0\" data-element_type=\"section\" data-e-type=\"section\">\n\t\t\t\t\t\t<div class=\"elementor-container elementor-column-gap-default\">\n\t\t\t\t\t<div class=\"elementor-column elementor-col-100 elementor-top-column elementor-element elementor-element-ca4fd05\" data-id=\"ca4fd05\" data-element_type=\"column\" data-e-type=\"column\">\n\t\t\t<div class=\"elementor-widget-wrap elementor-element-populated\">\n\t\t\t\t\t\t<div class=\"elementor-element elementor-element-7f7d1e6 elementor-view-default elementor-widget elementor-widget-icon\" data-id=\"7f7d1e6\" data-element_type=\"widget\" data-e-type=\"widget\" data-widget_type=\"icon.default\">\n\t\t\t\t<div class=\"elementor-widget-container\">\n\t\t\t\t\t\t\t<div class=\"elementor-icon-wrapper\">\n\t\t\t<div class=\"elementor-icon\">\n\t\t\t<svg aria-hidden=\"true\" class=\"e-font-icon-svg e-fas-circle\" viewBox=\"0 0 512 512\" xmlns=\"http:\/\/www.w3.org\/2000\/svg\"><path d=\"M256 8C119 8 8 119 8 256s111 248 248 248 248-111 248-248S393 8 256 8z\"><\/path><\/svg>\t\t\t<\/div>\n\t\t<\/div>\n\t\t\t\t\t\t<\/div>\n\t\t\t\t<\/div>\n\t\t\t\t<div class=\"elementor-element elementor-element-e0e15ca elementor-widget elementor-widget-heading\" data-id=\"e0e15ca\" data-element_type=\"widget\" data-e-type=\"widget\" data-widget_type=\"heading.default\">\n\t\t\t\t<div class=\"elementor-widget-container\">\n\t\t\t\t\t<h1 class=\"elementor-heading-title elementor-size-default\">Conditions g\u00e9n\u00e9rales d'utilisation<\/h1>\t\t\t\t<\/div>\n\t\t\t\t<\/div>\n\t\t\t\t<div class=\"elementor-element elementor-element-2a9f456 elementor-widget elementor-widget-text-editor\" data-id=\"2a9f456\" data-element_type=\"widget\" data-e-type=\"widget\" data-widget_type=\"text-editor.default\">\n\t\t\t\t<div class=\"elementor-widget-container\">\n\t\t\t\t\t\t\t\t\t<p>Le processus de formation sera soumis aux termes et conditions suivants, afin que le client soit conscient des droits et des devoirs qu&rsquo;il acquiert en contractant mes services.<br \/>\nTous les paiements seront effectu\u00e9s \u00e0 l&rsquo;avance, qu&rsquo;il s&rsquo;agisse d&rsquo;heures uniques ou de bons de plusieurs sessions.<br \/>\nLes bons de s\u00e9ances ou de formations doivent \u00eatre utilis\u00e9s dans la p\u00e9riode indiqu\u00e9e, sinon ils seront automatiquement annul\u00e9s.<br \/>\nDeux mois pour les bons de 10 s\u00e9ances, quatre mois pour les bons de 20 s\u00e9ances.<br \/>\nUne fois la session de formation organis\u00e9e, elle peut \u00eatre annul\u00e9e ou modifi\u00e9e avec un pr\u00e9avis de 24 heures.<br \/>\nDans le cas contraire, l&rsquo;\u00e9tudiant sera tenu de payer la session.<br \/>\nLes annulations de derni\u00e8re minute en cas d&rsquo;urgence seront trait\u00e9es par TAXI VIDAL.<br \/>\nL&rsquo;horaire de la formation est soumis \u00e0 la disponibilit\u00e9 de l&rsquo;agenda du formateur, bien que j&rsquo;essaierai toujours de m&rsquo;adapter autant que possible \u00e0 la disponibilit\u00e9 de l&rsquo;\u00e9tudiant.<br \/>\nL&rsquo;utilisation de la carte de formation n&rsquo;est pas transf\u00e9rable, sauf dans des cas exceptionnels.<br \/>\nEn cas de maladie ou d&rsquo;inaptitude de l&rsquo;entra\u00eeneur \u00e0 dispenser la formation, celle-ci sera annul\u00e9e et un rendez-vous sera fix\u00e9 dans les meilleurs d\u00e9lais.         <\/p>\n\t\t\t\t\t\t\t\t<\/div>\n\t\t\t\t<\/div>\n\t\t\t\t\t<\/div>\n\t\t<\/div>\n\t\t\t\t\t<\/div>\n\t\t<\/section>\n\t\t\t\t<\/div>\n\t\t","protected":false},"excerpt":{"rendered":"<p>Politique de confidentialit\u00e9 et avis juridique Conform\u00e9ment \u00e0 l&rsquo;article 10 de la loi 34\/2002, du 11 juillet, sur les services de la soci\u00e9t\u00e9 de l&rsquo;information et le commerce \u00e9lectronique, les donn\u00e9es d&rsquo;identification de l&rsquo;entreprise sont indiqu\u00e9es ci-dessous. Entreprise : FRANK VIDAL BAIL\u00d3N NIF: 37.365.395 &#8211; DContact T\u00e9l\u00e9phone : +34 609 38 44 37Courriel : info@taxisvilanova.com.com [&hellip;]<\/p>\n","protected":false},"author":2,"featured_media":0,"parent":0,"menu_order":0,"comment_status":"closed","ping_status":"closed","template":"elementor_header_footer","meta":{"_joinchat":[],"footnotes":""},"class_list":["post-26167","page","type-page","status-publish","hentry"],"_links":{"self":[{"href":"https:\/\/taxisvilanova.com\/fr\/wp-json\/wp\/v2\/pages\/26167","targetHints":{"allow":["GET"]}}],"collection":[{"href":"https:\/\/taxisvilanova.com\/fr\/wp-json\/wp\/v2\/pages"}],"about":[{"href":"https:\/\/taxisvilanova.com\/fr\/wp-json\/wp\/v2\/types\/page"}],"author":[{"embeddable":true,"href":"https:\/\/taxisvilanova.com\/fr\/wp-json\/wp\/v2\/users\/2"}],"replies":[{"embeddable":true,"href":"https:\/\/taxisvilanova.com\/fr\/wp-json\/wp\/v2\/comments?post=26167"}],"version-history":[{"count":0,"href":"https:\/\/taxisvilanova.com\/fr\/wp-json\/wp\/v2\/pages\/26167\/revisions"}],"wp:attachment":[{"href":"https:\/\/taxisvilanova.com\/fr\/wp-json\/wp\/v2\/media?parent=26167"}],"curies":[{"name":"wp","href":"https:\/\/api.w.org\/{rel}","templated":true}]}}